{"id":118,"date":"2025-02-10T19:55:32","date_gmt":"2025-02-10T18:55:32","guid":{"rendered":"https:\/\/strona-slubna-botanic.mystiweb.com.pl\/?post_type=product&#038;p=118"},"modified":"2025-04-11T13:23:56","modified_gmt":"2025-04-11T11:23:56","slug":"posciel-satynowa-san-antonio","status":"publish","type":"product","link":"https:\/\/strona-slubna-botanic.mystiweb.com.pl\/en\/product\/posciel-satynowa-san-antonio\/","title":{"rendered":"SAN ANTONIO satin bedding"},"content":{"rendered":"<p>Satin cotton bedding will provide us with a comfortable night's sleep and a beautiful appearance of the bedroom.<\/p>\n<p>Link: https:\/\/marohome.pl\/produkt\/posciel\/posciel-satynowa-san-antonio-latte-z-biala-lamowka\/?attribute_pa_rozmiar=140-x-200&amp;gad_source=1<\/p>\n<p>Price: 60 $<\/p>\n<p>The picture of the product is illustrative<\/p>","protected":false},"excerpt":{"rendered":"<p>Satin cotton bedding will give us a comfortable night's sleep and a beautiful bedroom appearance. Link: https:\/\/marohome.pl\/produkt\/posciel\/posciel-satynowa-san-antonio-latte-z-biala-lamowka\/?attribute_pa_rozmiar=140-x-200&amp;gad_source=1 Price: 299 PLN Product picture is for reference<\/p>","protected":false},"featured_media":113,"template":"","meta":{"_uag_custom_page_level_css":""},"product_brand":[],"product_cat":[16],"product_tag":[],"class_list":{"0":"post-118","1":"product","2":"type-product","3":"status-publish","4":"has-post-thumbnail","6":"product_cat-bez-kategorii","8":"first","9":"instock","10":"virtual","11":"purchasable","12":"product-type-simple"},"uagb_featured_image_src":{"full":["https:\/\/strona-slubna-botanic.mystiweb.com.pl\/wp-content\/uploads\/sites\/7\/2025\/02\/pexels-leticia-alvares-1805702-28084313-1.jpg",1280,853,false],"thumbnail":["https:\/\/strona-slubna-botanic.mystiweb.com.pl\/wp-content\/uploads\/sites\/7\/2025\/02\/pexels-leticia-alvares-1805702-28084313-1-150x150.jpg",150,150,true],"medium":["https:\/\/strona-slubna-botanic.mystiweb.com.pl\/wp-content\/uploads\/sites\/7\/2025\/02\/pexels-leticia-alvares-1805702-28084313-1-300x200.jpg",300,200,true],"medium_large":["https:\/\/strona-slubna-botanic.mystiweb.com.pl\/wp-content\/uploads\/sites\/7\/2025\/02\/pexels-leticia-alvares-1805702-28084313-1-768x512.jpg",768,512,true],"large":["https:\/\/strona-slubna-botanic.mystiweb.com.pl\/wp-content\/uploads\/sites\/7\/2025\/02\/pexels-leticia-alvares-1805702-28084313-1-1024x682.jpg",1024,682,true],"1536x1536":["https:\/\/strona-slubna-botanic.mystiweb.com.pl\/wp-content\/uploads\/sites\/7\/2025\/02\/pexels-leticia-alvares-1805702-28084313-1.jpg",1280,853,false],"2048x2048":["https:\/\/strona-slubna-botanic.mystiweb.com.pl\/wp-content\/uploads\/sites\/7\/2025\/02\/pexels-leticia-alvares-1805702-28084313-1.jpg",1280,853,false],"trp-custom-language-flag":["https:\/\/strona-slubna-botanic.mystiweb.com.pl\/wp-content\/uploads\/sites\/7\/2025\/02\/pexels-leticia-alvares-1805702-28084313-1.jpg",18,12,false],"woocommerce_thumbnail":["https:\/\/strona-slubna-botanic.mystiweb.com.pl\/wp-content\/uploads\/sites\/7\/2025\/02\/pexels-leticia-alvares-1805702-28084313-1-300x300.jpg",300,300,true],"woocommerce_single":["https:\/\/strona-slubna-botanic.mystiweb.com.pl\/wp-content\/uploads\/sites\/7\/2025\/02\/pexels-leticia-alvares-1805702-28084313-1-600x400.jpg",600,400,true],"woocommerce_gallery_thumbnail":["https:\/\/strona-slubna-botanic.mystiweb.com.pl\/wp-content\/uploads\/sites\/7\/2025\/02\/pexels-leticia-alvares-1805702-28084313-1-100x100.jpg",100,100,true]},"uagb_author_info":{"display_name":"mystiweb","author_link":"https:\/\/strona-slubna-botanic.mystiweb.com.pl\/en\/author\/"},"uagb_comment_info":0,"uagb_excerpt":"Po\u015bciel z bawe\u0142ny satynowej zapewni nam komfortowy sen i pi\u0119kny wygl\u0105d sypialni. Link: https:\/\/marohome.pl\/produkt\/posciel\/posciel-satynowa-san-antonio-latte-z-biala-lamowka\/?attribute_pa_rozmiar=140-x-200&amp;gad_source=1 Cena: 299 z\u0142 Zd\u0119cie produktu jest pogl\u0105dowe","_links":{"self":[{"href":"https:\/\/strona-slubna-botanic.mystiweb.com.pl\/en\/wp-json\/wp\/v2\/product\/118","targetHints":{"allow":["GET"]}}],"collection":[{"href":"https:\/\/strona-slubna-botanic.mystiweb.com.pl\/en\/wp-json\/wp\/v2\/product"}],"about":[{"href":"https:\/\/strona-slubna-botanic.mystiweb.com.pl\/en\/wp-json\/wp\/v2\/types\/product"}],"wp:featuredmedia":[{"embeddable":true,"href":"https:\/\/strona-slubna-botanic.mystiweb.com.pl\/en\/wp-json\/wp\/v2\/media\/113"}],"wp:attachment":[{"href":"https:\/\/strona-slubna-botanic.mystiweb.com.pl\/en\/wp-json\/wp\/v2\/media?parent=118"}],"wp:term":[{"taxonomy":"product_brand","embeddable":true,"href":"https:\/\/strona-slubna-botanic.mystiweb.com.pl\/en\/wp-json\/wp\/v2\/product_brand?post=118"},{"taxonomy":"product_cat","embeddable":true,"href":"https:\/\/strona-slubna-botanic.mystiweb.com.pl\/en\/wp-json\/wp\/v2\/product_cat?post=118"},{"taxonomy":"product_tag","embeddable":true,"href":"https:\/\/strona-slubna-botanic.mystiweb.com.pl\/en\/wp-json\/wp\/v2\/product_tag?post=118"}],"curies":[{"name":"wp","href":"https:\/\/api.w.org\/{rel}","templated":true}]}}