{"id":115,"date":"2025-02-10T19:53:49","date_gmt":"2025-02-10T18:53:49","guid":{"rendered":"https:\/\/strona-slubna-botanic.mystiweb.com.pl\/?post_type=product&#038;p=115"},"modified":"2025-04-11T13:24:18","modified_gmt":"2025-04-11T11:24:18","slug":"zestaw-herbat-kwitnacych","status":"publish","type":"product","link":"https:\/\/strona-slubna-botanic.mystiweb.com.pl\/en\/product\/zestaw-herbat-kwitnacych\/","title":{"rendered":"Voucher for a massage for two"},"content":{"rendered":"<div class=\"wp-block-group woocommerce product is-layout-flow wp-block-group-is-layout-flow\"><main id=\"wp--skip-link--target\" class=\"wp-block-group has-global-padding is-layout-constrained wp-block-group-is-layout-constrained\"><\/p>\n<div class=\"wp-block-woocommerce-product-details alignwide is-style-minimal\" data-block-name=\"woocommerce\/product-details\">\n<div>\n<div class=\"woocommerce-tabs wc-tabs-wrapper\">\n<div id=\"tab-description\" class=\"woocommerce-Tabs-panel woocommerce-Tabs-panel--description panel entry-content wc-tab\" role=\"tabpanel\" aria-labelledby=\"tab-title-description\">\n<p>Uwielbiamy celebrowa\u0107 chwile spokoju przy fili\u017cance dobrej herbaty. Zestaw kwitn\u0105cych herbat to mieszanka najwy\u017cszej jako\u015bci li\u015bci herbacianych.<\/p>\n<p>Link: https:\/\/greentouch.pl\/herbaty-kwitnace\/zestaw-herbat-kwitnacych-24-szt-w-skrzynce-na-prezent-herbaciarka-grawer<\/p>\n<p>Cena: 179 z\u0142<\/p>\n<p>The picture of the product is illustrative<\/p>\n<\/div>\n<\/div>\n<\/div>\n<\/div>\n<p><\/main><\/div>","protected":false},"excerpt":{"rendered":"<p>Uwielbiamy celebrowa\u0107 chwile spokoju przy fili\u017cance dobrej herbaty. Zestaw kwitn\u0105cych herbat to mieszanka najwy\u017cszej jako\u015bci li\u015bci herbacianych. Link: https:\/\/greentouch.pl\/herbaty-kwitnace\/zestaw-herbat-kwitnacych-24-szt-w-skrzynce-na-prezent-herbaciarka-grawer Cena: 179 z\u0142 Zd\u0119cie produktu jest pogl\u0105dowe<\/p>","protected":false},"featured_media":110,"template":"","meta":{"_uag_custom_page_level_css":""},"product_brand":[],"product_cat":[16],"product_tag":[],"class_list":{"0":"post-115","1":"product","2":"type-product","3":"status-publish","4":"has-post-thumbnail","6":"product_cat-bez-kategorii","8":"first","9":"instock","10":"virtual","11":"purchasable","12":"product-type-simple"},"uagb_featured_image_src":{"full":["https:\/\/strona-slubna-botanic.mystiweb.com.pl\/wp-content\/uploads\/sites\/7\/2025\/02\/pexels-osmachko-230489-1.jpg",1280,844,false],"thumbnail":["https:\/\/strona-slubna-botanic.mystiweb.com.pl\/wp-content\/uploads\/sites\/7\/2025\/02\/pexels-osmachko-230489-1-150x150.jpg",150,150,true],"medium":["https:\/\/strona-slubna-botanic.mystiweb.com.pl\/wp-content\/uploads\/sites\/7\/2025\/02\/pexels-osmachko-230489-1-300x198.jpg",300,198,true],"medium_large":["https:\/\/strona-slubna-botanic.mystiweb.com.pl\/wp-content\/uploads\/sites\/7\/2025\/02\/pexels-osmachko-230489-1-768x506.jpg",768,506,true],"large":["https:\/\/strona-slubna-botanic.mystiweb.com.pl\/wp-content\/uploads\/sites\/7\/2025\/02\/pexels-osmachko-230489-1-1024x675.jpg",1024,675,true],"1536x1536":["https:\/\/strona-slubna-botanic.mystiweb.com.pl\/wp-content\/uploads\/sites\/7\/2025\/02\/pexels-osmachko-230489-1.jpg",1280,844,false],"2048x2048":["https:\/\/strona-slubna-botanic.mystiweb.com.pl\/wp-content\/uploads\/sites\/7\/2025\/02\/pexels-osmachko-230489-1.jpg",1280,844,false],"trp-custom-language-flag":["https:\/\/strona-slubna-botanic.mystiweb.com.pl\/wp-content\/uploads\/sites\/7\/2025\/02\/pexels-osmachko-230489-1.jpg",18,12,false],"woocommerce_thumbnail":["https:\/\/strona-slubna-botanic.mystiweb.com.pl\/wp-content\/uploads\/sites\/7\/2025\/02\/pexels-osmachko-230489-1-300x300.jpg",300,300,true],"woocommerce_single":["https:\/\/strona-slubna-botanic.mystiweb.com.pl\/wp-content\/uploads\/sites\/7\/2025\/02\/pexels-osmachko-230489-1-600x396.jpg",600,396,true],"woocommerce_gallery_thumbnail":["https:\/\/strona-slubna-botanic.mystiweb.com.pl\/wp-content\/uploads\/sites\/7\/2025\/02\/pexels-osmachko-230489-1-100x100.jpg",100,100,true]},"uagb_author_info":{"display_name":"mystiweb","author_link":"https:\/\/strona-slubna-botanic.mystiweb.com.pl\/en\/author\/"},"uagb_comment_info":0,"uagb_excerpt":"Uwielbiamy celebrowa\u0107 chwile spokoju przy fili\u017cance dobrej herbaty. Zestaw kwitn\u0105cych herbat to mieszanka najwy\u017cszej jako\u015bci li\u015bci herbacianych. Link: https:\/\/greentouch.pl\/herbaty-kwitnace\/zestaw-herbat-kwitnacych-24-szt-w-skrzynce-na-prezent-herbaciarka-grawer Cena: 179 z\u0142 Zd\u0119cie produktu jest pogl\u0105dowe","_links":{"self":[{"href":"https:\/\/strona-slubna-botanic.mystiweb.com.pl\/en\/wp-json\/wp\/v2\/product\/115","targetHints":{"allow":["GET"]}}],"collection":[{"href":"https:\/\/strona-slubna-botanic.mystiweb.com.pl\/en\/wp-json\/wp\/v2\/product"}],"about":[{"href":"https:\/\/strona-slubna-botanic.mystiweb.com.pl\/en\/wp-json\/wp\/v2\/types\/product"}],"wp:featuredmedia":[{"embeddable":true,"href":"https:\/\/strona-slubna-botanic.mystiweb.com.pl\/en\/wp-json\/wp\/v2\/media\/110"}],"wp:attachment":[{"href":"https:\/\/strona-slubna-botanic.mystiweb.com.pl\/en\/wp-json\/wp\/v2\/media?parent=115"}],"wp:term":[{"taxonomy":"product_brand","embeddable":true,"href":"https:\/\/strona-slubna-botanic.mystiweb.com.pl\/en\/wp-json\/wp\/v2\/product_brand?post=115"},{"taxonomy":"product_cat","embeddable":true,"href":"https:\/\/strona-slubna-botanic.mystiweb.com.pl\/en\/wp-json\/wp\/v2\/product_cat?post=115"},{"taxonomy":"product_tag","embeddable":true,"href":"https:\/\/strona-slubna-botanic.mystiweb.com.pl\/en\/wp-json\/wp\/v2\/product_tag?post=115"}],"curies":[{"name":"wp","href":"https:\/\/api.w.org\/{rel}","templated":true}]}}